{"id":434,"date":"2015-01-24T21:58:46","date_gmt":"2015-01-24T19:58:46","guid":{"rendered":"http:\/\/www.villekarinen.fi\/?page_id=434"},"modified":"2025-01-28T22:29:58","modified_gmt":"2025-01-28T20:29:58","slug":"en-ru","status":"publish","type":"page","link":"https:\/\/www.villekarinen.net\/?page_id=434","title":{"rendered":"ABOUT ME"},"content":{"rendered":"<p><a href=\"https:\/\/i2.wp.com\/www.villekarinen.fi\/wp-content\/uploads\/2015\/02\/Tikkurilan-markkinoilla.jpg\" onclick=\"javascript:_gaq.push(['_trackEvent','outbound-article','http:\/\/www.villekarinen.fi']);\"><img data-attachment-id=\"669\" data-permalink=\"https:\/\/www.villekarinen.net\/?attachment_id=669\" data-orig-file=\"https:\/\/i1.wp.com\/www.villekarinen.net\/wp-content\/uploads\/2015\/02\/Tikkurilan-markkinoilla.jpg?fit=296%2C445&amp;ssl=1\" data-orig-size=\"296,445\" data-comments-opened=\"1\" data-image-meta=\"{&quot;aperture&quot;:&quot;0&quot;,&quot;credit&quot;:&quot;&quot;,&quot;camera&quot;:&quot;&quot;,&quot;caption&quot;:&quot;&quot;,&quot;created_timestamp&quot;:&quot;0&quot;,&quot;copyright&quot;:&quot;&quot;,&quot;focal_length&quot;:&quot;0&quot;,&quot;iso&quot;:&quot;0&quot;,&quot;shutter_speed&quot;:&quot;0&quot;,&quot;title&quot;:&quot;&quot;,&quot;orientation&quot;:&quot;0&quot;}\" data-image-title=\"Tikkurilan markkinoilla\" data-image-description=\"\" data-image-caption=\"\" data-medium-file=\"https:\/\/i1.wp.com\/www.villekarinen.net\/wp-content\/uploads\/2015\/02\/Tikkurilan-markkinoilla.jpg?fit=200%2C300&amp;ssl=1\" data-large-file=\"https:\/\/i1.wp.com\/www.villekarinen.net\/wp-content\/uploads\/2015\/02\/Tikkurilan-markkinoilla.jpg?fit=296%2C445&amp;ssl=1\" loading=\"lazy\" class=\"alignright size-full wp-image-669\" src=\"https:\/\/i2.wp.com\/www.villekarinen.fi\/wp-content\/uploads\/2015\/02\/Tikkurilan-markkinoilla.jpg?resize=296%2C445\" alt=\"\" width=\"296\" height=\"445\" srcset=\"https:\/\/i1.wp.com\/www.villekarinen.net\/wp-content\/uploads\/2015\/02\/Tikkurilan-markkinoilla.jpg?w=296&amp;ssl=1 296w, https:\/\/i1.wp.com\/www.villekarinen.net\/wp-content\/uploads\/2015\/02\/Tikkurilan-markkinoilla.jpg?resize=200%2C300&amp;ssl=1 200w\" sizes=\"(max-width: 296px) 100vw, 296px\" data-recalc-dims=\"1\" \/><\/a><\/p>\n<p><strong>PERSONAL DETAILS:<\/strong><br \/>\n<strong>Age:<\/strong> 49<br \/>\n<strong>Family:<\/strong> two children<br \/>\n<strong>Living in:<\/strong>\u00a0Tikkurila, Vantaa<br \/>\n<strong>Education:<\/strong><br \/>\n-MSc (information studies and public administration)<br \/>\n-BA (ethnomusicology and philosophy)<br \/>\n<strong>Work:<\/strong> Chief information specialist, Vantaa city library<br \/>\n<strong>Political views:<\/strong> left, greenish<br \/>\n<strong>Current position: <\/strong>City of Vantaa Executive Board<\/p>\n<p>I am a librarian, musician and political activist from Vantaa. I am active involved in local politics in Vantaa as the chairman of the <a href=\"http:\/\/www.vasemmisto.fi\/vasemmistoliitto\/english\/left-alliance\/\" onclick=\"javascript:_gaq.push(['_trackEvent','outbound-article','http:\/\/www.vasemmisto.fi']);\" target=\"_blank\" rel=\"noopener noreferrer\">Left Alliance<\/a> Vantaa branch and and as a member of City of Vantaa Executive Board.<\/p>\n<p>I am well-educated and I have wide-ranging work experience. I graduated from Queen\u2019s University of Belfast with a Bachelor\u2019s degree. After moving back to Finland I continued my studies at the University of Tampere from where I graduated with a Master\u2019s degree in information studies and administrative science.<\/p>\n<p>Currently I work as a servie supervisor\u00a0at the Vantaa City Library.<\/p>\n<p>After I graduated from Queen\u2019s University of Belfast I worked as an administrative assistant in the Belfast Jobcentre. I have also worked as a teaching assistant for autistic children, substitute teacher, IT-support and as a musician to name just a few.\u00a0I have also been for many years a labour union representative of <a href=\"http:\/\/www.akavanerityisalat.fi\/en?source=adwords\" onclick=\"javascript:_gaq.push(['_trackEvent','outbound-article','http:\/\/www.akavanerityisalat.fi']);\" target=\"_blank\" rel=\"noopener noreferrer\">Akava special branches<\/a> in the City of Vantaa.<\/p>\n<p>My hobbies include playing the fiddle, the guitar and the mandolin (mostly Irish, bluegrass and Finnish traditional music), gardening, running and ice swimming.<\/p>\n<p>Please, feel free to contact me for more details.<\/p>\n<p><strong>CONTACT:<\/strong><\/p>\n<p><strong>Email:<\/strong>\u00a0karinen.ville.v@gmail.com<br \/>\n<strong>Tel:<\/strong>\u00a00503028552<br \/>\n<strong>Facebook:<\/strong> www.facebook.com\/karinenville<\/p>\n","protected":false},"excerpt":{"rendered":"<p>PERSONAL DETAILS: Age: 49 Family: two children Living in:\u00a0Tikkurila, Vantaa Education: -MSc (information studies and public administration) -BA (ethnomusicology and philosophy) Work: Chief information specialist, Vantaa city library Political views: left, greenish Current position: City of Vantaa Executive Board I am a librarian, musician and political activist from Vantaa. I am active involved in local <a class=\"read-more\" href=\"https:\/\/www.villekarinen.net\/?page_id=434\" >Read More<\/a><\/p>\n","protected":false},"author":1,"featured_media":0,"parent":0,"menu_order":0,"comment_status":"closed","ping_status":"closed","template":"template-full-width.php","meta":{"spay_email":""},"yoast_head":"<!-- This site is optimized with the Yoast SEO plugin v17.8 - https:\/\/yoast.com\/wordpress\/plugins\/seo\/ -->\n<title>ABOUT ME - VILLE KARINEN<\/title>\n<meta name=\"robots\" content=\"index, follow, max-snippet:-1, max-image-preview:large, max-video-preview:-1\" \/>\n<link rel=\"canonical\" href=\"https:\/\/www.villekarinen.net\/?page_id=434\" \/>\n<meta property=\"og:locale\" content=\"fi_FI\" \/>\n<meta property=\"og:type\" content=\"article\" \/>\n<meta property=\"og:title\" content=\"ABOUT ME - VILLE KARINEN\" \/>\n<meta property=\"og:description\" content=\"PERSONAL DETAILS: Age: 49 Family: two children Living in:\u00a0Tikkurila, Vantaa Education: -MSc (information studies and public administration) -BA (ethnomusicology and philosophy) Work: Chief information specialist, Vantaa city library Political views: left, greenish Current position: City of Vantaa Executive Board I am a librarian, musician and political activist from Vantaa. I am active involved in local Read More\" \/>\n<meta property=\"og:url\" content=\"https:\/\/www.villekarinen.net\/?page_id=434\" \/>\n<meta property=\"og:site_name\" content=\"VILLE KARINEN\" \/>\n<meta property=\"article:publisher\" content=\"https:\/\/www.facebook.com\/karinenville\" \/>\n<meta property=\"article:modified_time\" content=\"2025-01-28T20:29:58+00:00\" \/>\n<meta property=\"og:image\" content=\"http:\/\/www.villekarinen.fi\/wp-content\/uploads\/2015\/02\/Tikkurilan-markkinoilla.jpg\" \/>\n<meta name=\"twitter:card\" content=\"summary_large_image\" \/>\n<meta name=\"twitter:site\" content=\"@villekarinen\" \/>\n<meta name=\"twitter:label1\" content=\"Arvioitu lukuaika\" \/>\n\t<meta name=\"twitter:data1\" content=\"2 minuuttia\" \/>\n<script type=\"application\/ld+json\" class=\"yoast-schema-graph\">{\"@context\":\"https:\/\/schema.org\",\"@graph\":[{\"@type\":\"WebSite\",\"@id\":\"https:\/\/www.villekarinen.net\/#website\",\"url\":\"https:\/\/www.villekarinen.net\/\",\"name\":\"VILLE KARINEN\",\"description\":\"Vantaan Vasemmistoliiton puheenjohtaja\",\"potentialAction\":[{\"@type\":\"SearchAction\",\"target\":{\"@type\":\"EntryPoint\",\"urlTemplate\":\"https:\/\/www.villekarinen.net\/?s={search_term_string}\"},\"query-input\":\"required name=search_term_string\"}],\"inLanguage\":\"fi\"},{\"@type\":\"ImageObject\",\"@id\":\"https:\/\/www.villekarinen.net\/?page_id=434#primaryimage\",\"inLanguage\":\"fi\",\"url\":\"http:\/\/www.villekarinen.fi\/wp-content\/uploads\/2015\/02\/Tikkurilan-markkinoilla.jpg\",\"contentUrl\":\"http:\/\/www.villekarinen.fi\/wp-content\/uploads\/2015\/02\/Tikkurilan-markkinoilla.jpg\"},{\"@type\":\"WebPage\",\"@id\":\"https:\/\/www.villekarinen.net\/?page_id=434#webpage\",\"url\":\"https:\/\/www.villekarinen.net\/?page_id=434\",\"name\":\"ABOUT ME - VILLE KARINEN\",\"isPartOf\":{\"@id\":\"https:\/\/www.villekarinen.net\/#website\"},\"primaryImageOfPage\":{\"@id\":\"https:\/\/www.villekarinen.net\/?page_id=434#primaryimage\"},\"datePublished\":\"2015-01-24T19:58:46+00:00\",\"dateModified\":\"2025-01-28T20:29:58+00:00\",\"breadcrumb\":{\"@id\":\"https:\/\/www.villekarinen.net\/?page_id=434#breadcrumb\"},\"inLanguage\":\"fi\",\"potentialAction\":[{\"@type\":\"ReadAction\",\"target\":[\"https:\/\/www.villekarinen.net\/?page_id=434\"]}]},{\"@type\":\"BreadcrumbList\",\"@id\":\"https:\/\/www.villekarinen.net\/?page_id=434#breadcrumb\",\"itemListElement\":[{\"@type\":\"ListItem\",\"position\":1,\"name\":\"Etusivu\",\"item\":\"https:\/\/www.villekarinen.net\/\"},{\"@type\":\"ListItem\",\"position\":2,\"name\":\"ABOUT ME\"}]}]}<\/script>\n<!-- \/ Yoast SEO plugin. -->","yoast_head_json":{"title":"ABOUT ME - VILLE KARINEN","robots":{"index":"index","follow":"follow","max-snippet":"max-snippet:-1","max-image-preview":"max-image-preview:large","max-video-preview":"max-video-preview:-1"},"canonical":"https:\/\/www.villekarinen.net\/?page_id=434","og_locale":"fi_FI","og_type":"article","og_title":"ABOUT ME - VILLE KARINEN","og_description":"PERSONAL DETAILS: Age: 49 Family: two children Living in:\u00a0Tikkurila, Vantaa Education: -MSc (information studies and public administration) -BA (ethnomusicology and philosophy) Work: Chief information specialist, Vantaa city library Political views: left, greenish Current position: City of Vantaa Executive Board I am a librarian, musician and political activist from Vantaa. I am active involved in local Read More","og_url":"https:\/\/www.villekarinen.net\/?page_id=434","og_site_name":"VILLE KARINEN","article_publisher":"https:\/\/www.facebook.com\/karinenville","article_modified_time":"2025-01-28T20:29:58+00:00","og_image":[{"url":"http:\/\/www.villekarinen.fi\/wp-content\/uploads\/2015\/02\/Tikkurilan-markkinoilla.jpg"}],"twitter_card":"summary_large_image","twitter_site":"@villekarinen","twitter_misc":{"Arvioitu lukuaika":"2 minuuttia"},"schema":{"@context":"https:\/\/schema.org","@graph":[{"@type":"WebSite","@id":"https:\/\/www.villekarinen.net\/#website","url":"https:\/\/www.villekarinen.net\/","name":"VILLE KARINEN","description":"Vantaan Vasemmistoliiton puheenjohtaja","potentialAction":[{"@type":"SearchAction","target":{"@type":"EntryPoint","urlTemplate":"https:\/\/www.villekarinen.net\/?s={search_term_string}"},"query-input":"required name=search_term_string"}],"inLanguage":"fi"},{"@type":"ImageObject","@id":"https:\/\/www.villekarinen.net\/?page_id=434#primaryimage","inLanguage":"fi","url":"http:\/\/www.villekarinen.fi\/wp-content\/uploads\/2015\/02\/Tikkurilan-markkinoilla.jpg","contentUrl":"http:\/\/www.villekarinen.fi\/wp-content\/uploads\/2015\/02\/Tikkurilan-markkinoilla.jpg"},{"@type":"WebPage","@id":"https:\/\/www.villekarinen.net\/?page_id=434#webpage","url":"https:\/\/www.villekarinen.net\/?page_id=434","name":"ABOUT ME - VILLE KARINEN","isPartOf":{"@id":"https:\/\/www.villekarinen.net\/#website"},"primaryImageOfPage":{"@id":"https:\/\/www.villekarinen.net\/?page_id=434#primaryimage"},"datePublished":"2015-01-24T19:58:46+00:00","dateModified":"2025-01-28T20:29:58+00:00","breadcrumb":{"@id":"https:\/\/www.villekarinen.net\/?page_id=434#breadcrumb"},"inLanguage":"fi","potentialAction":[{"@type":"ReadAction","target":["https:\/\/www.villekarinen.net\/?page_id=434"]}]},{"@type":"BreadcrumbList","@id":"https:\/\/www.villekarinen.net\/?page_id=434#breadcrumb","itemListElement":[{"@type":"ListItem","position":1,"name":"Etusivu","item":"https:\/\/www.villekarinen.net\/"},{"@type":"ListItem","position":2,"name":"ABOUT ME"}]}]}},"jetpack_shortlink":"https:\/\/wp.me\/P8zKO6-70","jetpack-related-posts":[{"id":790,"url":"https:\/\/www.villekarinen.net\/?page_id=790","url_meta":{"origin":434,"position":0},"title":"VAALITEEMAT","date":"25 helmikuun, 2017","format":false,"excerpt":"\u00a0 KET\u00c4\u00c4N EI VOI J\u00c4TT\u00c4\u00c4 HEITTEILLE! -\u00a0PERUSASIAT KUNTOON\u00a0 Ihmisist\u00e4 on\u00a0huolehdittava kaikissa taloussuhdanteissa. \u00a0Jokaisen perustarpeista ja hyvinvoinnista on huolehdittava kaikissa el\u00e4m\u00e4n vaiheissa laadukkailla, riitt\u00e4v\u00e4sti mitoitetuilla ja helposti saatavilla olevilla sosiaali- ja terveyspalveluilla. Tulotaso tai toimintakyky ei saa olla esteen\u00e4 ihmisen tarvitseman hoidon ja hoivan saamiselle. Kun hoitoon p\u00e4\u00e4see nopeasti ennen kuin\u2026","rel":"","context":"Samankaltainen artikkeli","img":{"alt_text":"","src":"https:\/\/i2.wp.com\/www.villekarinen.fi\/wp-content\/uploads\/2017\/03\/Ville-Karinen_rajattu1-300x273.png?resize=350%2C200","width":350,"height":200},"classes":[]}],"_links":{"self":[{"href":"https:\/\/www.villekarinen.net\/index.php?rest_route=\/wp\/v2\/pages\/434"}],"collection":[{"href":"https:\/\/www.villekarinen.net\/index.php?rest_route=\/wp\/v2\/pages"}],"about":[{"href":"https:\/\/www.villekarinen.net\/index.php?rest_route=\/wp\/v2\/types\/page"}],"author":[{"embeddable":true,"href":"https:\/\/www.villekarinen.net\/index.php?rest_route=\/wp\/v2\/users\/1"}],"replies":[{"embeddable":true,"href":"https:\/\/www.villekarinen.net\/index.php?rest_route=%2Fwp%2Fv2%2Fcomments&post=434"}],"version-history":[{"count":67,"href":"https:\/\/www.villekarinen.net\/index.php?rest_route=\/wp\/v2\/pages\/434\/revisions"}],"predecessor-version":[{"id":1584,"href":"https:\/\/www.villekarinen.net\/index.php?rest_route=\/wp\/v2\/pages\/434\/revisions\/1584"}],"wp:attachment":[{"href":"https:\/\/www.villekarinen.net\/index.php?rest_route=%2Fwp%2Fv2%2Fmedia&parent=434"}],"curies":[{"name":"wp","href":"https:\/\/api.w.org\/{rel}","templated":true}]}}