{"id":9,"date":"2012-08-23T23:58:19","date_gmt":"2012-08-23T20:58:19","guid":{"rendered":"http:\/\/184.173.8.62\/~villekar\/?page_id=9"},"modified":"2025-02-03T21:50:07","modified_gmt":"2025-02-03T19:50:07","slug":"lorem-ipsum","status":"publish","type":"page","link":"https:\/\/www.villekarinen.net\/?page_id=9","title":{"rendered":"Ota yhteytt\u00e4!"},"content":{"rendered":"<p style=\"text-align: left;\"><strong>S\u00e4hk\u00f6posti:\u00a0<\/strong>karinen.ville.v@gmail.com<\/p>\n<p style=\"text-align: left;\"><strong>Puh:<\/strong> 050 3028552<\/p>\n<p style=\"text-align: left;\"><strong>Facebook:<\/strong> <a href=\"www.facebook.com\/karinenville\" target=\"_blank\" rel=\"noopener noreferrer\">www.facebook.com\/karinenville<\/a><\/p>\n<p><strong>Instagram:<\/strong> <a href=\"https:\/\/www.instagram.com\/ville_v_karinen\/\" onclick=\"javascript:_gaq.push(['_trackEvent','outbound-article','http:\/\/www.instagram.com']);\">Ville Karinen (@ville_v_karinen) \u2022 Instagram-kuvat ja -videot<\/a><\/p>\n<p><strong>\u00a0<\/strong><\/p>\n","protected":false},"excerpt":{"rendered":"<p>S\u00e4hk\u00f6posti:\u00a0karinen.ville.v@gmail.com Puh: 050 3028552 Facebook: www.facebook.com\/karinenville Instagram: Ville Karinen (@ville_v_karinen) \u2022 Instagram-kuvat ja -videot \u00a0<\/p>\n","protected":false},"author":1,"featured_media":0,"parent":0,"menu_order":0,"comment_status":"closed","ping_status":"closed","template":"template-full-width.php","meta":{"spay_email":""},"yoast_head":"<!-- This site is optimized with the Yoast SEO plugin v17.8 - https:\/\/yoast.com\/wordpress\/plugins\/seo\/ -->\n<title>Ota yhteytt\u00e4! - VILLE KARINEN<\/title>\n<meta name=\"robots\" content=\"index, follow, max-snippet:-1, max-image-preview:large, max-video-preview:-1\" \/>\n<link rel=\"canonical\" href=\"https:\/\/www.villekarinen.net\/?page_id=9\" \/>\n<meta property=\"og:locale\" content=\"fi_FI\" \/>\n<meta property=\"og:type\" content=\"article\" \/>\n<meta property=\"og:title\" content=\"Ota yhteytt\u00e4! - VILLE KARINEN\" \/>\n<meta property=\"og:description\" content=\"S\u00e4hk\u00f6posti:\u00a0karinen.ville.v@gmail.com Puh: 050 3028552 Facebook: www.facebook.com\/karinenville Instagram: Ville Karinen (@ville_v_karinen) \u2022 Instagram-kuvat ja -videot \u00a0\" \/>\n<meta property=\"og:url\" content=\"https:\/\/www.villekarinen.net\/?page_id=9\" \/>\n<meta property=\"og:site_name\" content=\"VILLE KARINEN\" \/>\n<meta property=\"article:publisher\" content=\"https:\/\/www.facebook.com\/karinenville\" \/>\n<meta property=\"article:modified_time\" content=\"2025-02-03T19:50:07+00:00\" \/>\n<meta property=\"og:image\" content=\"https:\/\/i1.wp.com\/www.villekarinen.net\/wp-content\/uploads\/2025\/04\/Ville-Karinen_rintakuva_some.jpg?fit=1181%2C1575&#038;ssl=1\" \/>\n\t<meta property=\"og:image:width\" content=\"1181\" \/>\n\t<meta property=\"og:image:height\" content=\"1575\" \/>\n<meta name=\"twitter:card\" content=\"summary_large_image\" \/>\n<meta name=\"twitter:site\" content=\"@villekarinen\" \/>\n<meta name=\"twitter:label1\" content=\"Arvioitu lukuaika\" \/>\n\t<meta name=\"twitter:data1\" content=\"1 minuutti\" \/>\n<script type=\"application\/ld+json\" class=\"yoast-schema-graph\">{\"@context\":\"https:\/\/schema.org\",\"@graph\":[{\"@type\":\"WebSite\",\"@id\":\"https:\/\/www.villekarinen.net\/#website\",\"url\":\"https:\/\/www.villekarinen.net\/\",\"name\":\"VILLE KARINEN\",\"description\":\"Vantaan Vasemmistoliiton puheenjohtaja\",\"potentialAction\":[{\"@type\":\"SearchAction\",\"target\":{\"@type\":\"EntryPoint\",\"urlTemplate\":\"https:\/\/www.villekarinen.net\/?s={search_term_string}\"},\"query-input\":\"required name=search_term_string\"}],\"inLanguage\":\"fi\"},{\"@type\":\"WebPage\",\"@id\":\"https:\/\/www.villekarinen.net\/?page_id=9#webpage\",\"url\":\"https:\/\/www.villekarinen.net\/?page_id=9\",\"name\":\"Ota yhteytt\\u00e4! - VILLE KARINEN\",\"isPartOf\":{\"@id\":\"https:\/\/www.villekarinen.net\/#website\"},\"datePublished\":\"2012-08-23T20:58:19+00:00\",\"dateModified\":\"2025-02-03T19:50:07+00:00\",\"breadcrumb\":{\"@id\":\"https:\/\/www.villekarinen.net\/?page_id=9#breadcrumb\"},\"inLanguage\":\"fi\",\"potentialAction\":[{\"@type\":\"ReadAction\",\"target\":[\"https:\/\/www.villekarinen.net\/?page_id=9\"]}]},{\"@type\":\"BreadcrumbList\",\"@id\":\"https:\/\/www.villekarinen.net\/?page_id=9#breadcrumb\",\"itemListElement\":[{\"@type\":\"ListItem\",\"position\":1,\"name\":\"Etusivu\",\"item\":\"https:\/\/www.villekarinen.net\/\"},{\"@type\":\"ListItem\",\"position\":2,\"name\":\"Ota yhteytt\\u00e4!\"}]}]}<\/script>\n<!-- \/ Yoast SEO plugin. -->","yoast_head_json":{"title":"Ota yhteytt\u00e4! - VILLE KARINEN","robots":{"index":"index","follow":"follow","max-snippet":"max-snippet:-1","max-image-preview":"max-image-preview:large","max-video-preview":"max-video-preview:-1"},"canonical":"https:\/\/www.villekarinen.net\/?page_id=9","og_locale":"fi_FI","og_type":"article","og_title":"Ota yhteytt\u00e4! - VILLE KARINEN","og_description":"S\u00e4hk\u00f6posti:\u00a0karinen.ville.v@gmail.com Puh: 050 3028552 Facebook: www.facebook.com\/karinenville Instagram: Ville Karinen (@ville_v_karinen) \u2022 Instagram-kuvat ja -videot \u00a0","og_url":"https:\/\/www.villekarinen.net\/?page_id=9","og_site_name":"VILLE KARINEN","article_publisher":"https:\/\/www.facebook.com\/karinenville","article_modified_time":"2025-02-03T19:50:07+00:00","og_image":[{"width":1181,"height":1575,"url":"https:\/\/i1.wp.com\/www.villekarinen.net\/wp-content\/uploads\/2025\/04\/Ville-Karinen_rintakuva_some.jpg?fit=1181%2C1575&ssl=1","type":"image\/jpeg"}],"twitter_card":"summary_large_image","twitter_site":"@villekarinen","twitter_misc":{"Arvioitu lukuaika":"1 minuutti"},"schema":{"@context":"https:\/\/schema.org","@graph":[{"@type":"WebSite","@id":"https:\/\/www.villekarinen.net\/#website","url":"https:\/\/www.villekarinen.net\/","name":"VILLE KARINEN","description":"Vantaan Vasemmistoliiton puheenjohtaja","potentialAction":[{"@type":"SearchAction","target":{"@type":"EntryPoint","urlTemplate":"https:\/\/www.villekarinen.net\/?s={search_term_string}"},"query-input":"required name=search_term_string"}],"inLanguage":"fi"},{"@type":"WebPage","@id":"https:\/\/www.villekarinen.net\/?page_id=9#webpage","url":"https:\/\/www.villekarinen.net\/?page_id=9","name":"Ota yhteytt\u00e4! - VILLE KARINEN","isPartOf":{"@id":"https:\/\/www.villekarinen.net\/#website"},"datePublished":"2012-08-23T20:58:19+00:00","dateModified":"2025-02-03T19:50:07+00:00","breadcrumb":{"@id":"https:\/\/www.villekarinen.net\/?page_id=9#breadcrumb"},"inLanguage":"fi","potentialAction":[{"@type":"ReadAction","target":["https:\/\/www.villekarinen.net\/?page_id=9"]}]},{"@type":"BreadcrumbList","@id":"https:\/\/www.villekarinen.net\/?page_id=9#breadcrumb","itemListElement":[{"@type":"ListItem","position":1,"name":"Etusivu","item":"https:\/\/www.villekarinen.net\/"},{"@type":"ListItem","position":2,"name":"Ota yhteytt\u00e4!"}]}]}},"jetpack_shortlink":"https:\/\/wp.me\/P8zKO6-9","jetpack-related-posts":[{"id":1291,"url":"https:\/\/www.villekarinen.net\/?page_id=1291","url_meta":{"origin":9,"position":0},"title":"Tue vaality\u00f6t\u00e4ni","date":"3 maaliskuun, 2021","format":false,"excerpt":"Tule mukaani rakentamaan hyv\u00e4\u00e4 kaupunkia kaikille! Yhdess\u00e4 voimme tehd\u00e4 Vantaasta kaupugin, jossa pidet\u00e4\u00e4n huolta ihmisist\u00e4 ja ymp\u00e4rist\u00f6st\u00e4. Kaupugin, jossa hyvinvointi ei ole kiinni lompakosta ja jossa ket\u00e4\u00e4n ei j\u00e4tet\u00e4 heitteille. T\u00e4ss\u00e4 on joitakin tapoja joilla voit auttaa minua vaality\u00f6ss\u00e4. Lahjoita vaalikampanjaani Vaalikampanjointi ei ole ilmaista. Lehtimainoksiin, flyereihin, julisteisiin ja nettimainontaan\u2026","rel":"","context":"Samankaltainen artikkeli","img":{"alt_text":"","src":"https:\/\/i0.wp.com\/www.villekarinen.net\/wp-content\/uploads\/2021\/05\/kehys-.png?resize=350%2C200&ssl=1","width":350,"height":200},"classes":[]}],"_links":{"self":[{"href":"https:\/\/www.villekarinen.net\/index.php?rest_route=\/wp\/v2\/pages\/9"}],"collection":[{"href":"https:\/\/www.villekarinen.net\/index.php?rest_route=\/wp\/v2\/pages"}],"about":[{"href":"https:\/\/www.villekarinen.net\/index.php?rest_route=\/wp\/v2\/types\/page"}],"author":[{"embeddable":true,"href":"https:\/\/www.villekarinen.net\/index.php?rest_route=\/wp\/v2\/users\/1"}],"replies":[{"embeddable":true,"href":"https:\/\/www.villekarinen.net\/index.php?rest_route=%2Fwp%2Fv2%2Fcomments&post=9"}],"version-history":[{"count":60,"href":"https:\/\/www.villekarinen.net\/index.php?rest_route=\/wp\/v2\/pages\/9\/revisions"}],"predecessor-version":[{"id":1599,"href":"https:\/\/www.villekarinen.net\/index.php?rest_route=\/wp\/v2\/pages\/9\/revisions\/1599"}],"wp:attachment":[{"href":"https:\/\/www.villekarinen.net\/index.php?rest_route=%2Fwp%2Fv2%2Fmedia&parent=9"}],"curies":[{"name":"wp","href":"https:\/\/api.w.org\/{rel}","templated":true}]}}